{"id":154,"date":"2022-07-29T11:30:58","date_gmt":"2022-07-29T09:30:58","guid":{"rendered":"http:\/\/version2.comeapro.fr\/?page_id=154"},"modified":"2023-05-31T11:26:52","modified_gmt":"2023-05-31T09:26:52","slug":"depileur-empileur","status":"publish","type":"page","link":"http:\/\/www.comeapro.fr\/index.php\/nos-process\/depileur-empileur\/","title":{"rendered":"D\u00e9pileur &#038; empileur"},"content":{"rendered":"\n<h2 class=\"wp-block-heading\">&nbsp;D\u00e9pileur<\/h2>\n\n\n\n<h5 class=\"wp-block-heading\">Caract\u00e9ristiques g\u00e9n\u00e9rales :<\/h5>\n\n\n\n<p>Nos process sont con\u00e7us pour d\u00e9piler les :<\/p>\n\n\n\n<ul class=\"wp-block-list\">\n<li>barquettes<\/li>\n\n\n\n<li>sacs<\/li>\n\n\n\n<li>caisses<\/li>\n<\/ul>\n\n\n\n<p>Structure inox sur roulettes.&nbsp; Course \u00e9volutive (nous consulter). Capacit\u00e9s et dimensions sur mesures selon vos besoins. Nos d\u00e9pileurs peuvent &nbsp;s\u2019adapter&nbsp;et se monter sur vos convoyeurs existants. Augmentation de votre capacit\u00e9 de production par l\u2019automatisation de la manutention.&nbsp;<\/p>\n\n\n\n<h5 class=\"wp-block-heading\">Options :<\/h5>\n\n\n\n<ul class=\"wp-block-list\">\n<li>Coffret \u00e9lectrique inox<\/li>\n\n\n\n<li>Protections grillag\u00e9es p\u00e9riph\u00e9riques<\/li>\n\n\n\n<li>Pilotage par \u00e9cran tactile<\/li>\n<\/ul>\n\n\n\n<h2 class=\"wp-block-heading\">Empileur de caisses<\/h2>\n\n\n\n<p>Associ\u00e9 \u00e0 une pes\u00e9e automatique et\/ou syst\u00e8me RFID permettant de r\u00e9aliser un tri de vos colis et produits de fa\u00e7on autonome. Liaison informatique avec votre gestion de production pour un suivi en temps r\u00e9el. Adaptation sur mesure selon vos produits sp\u00e9cifiques \u00e0 traiter.<\/p>\n\n\n\n<h2 class=\"wp-block-heading\">Secteurs<\/h2>\n\n\n\n<p>IAA (Industrie AgroAlimentaire) \u2022 Viande (bovins et volailles) \u2022 Produits de la mer \u2022 Boulangerie \u2022 Viennoiserie \u2013 Biscuiterie \u2022 Produits \u00e9labor\u00e9s<\/p>\n","protected":false},"excerpt":{"rendered":"<p>&nbsp;D\u00e9pileur Caract\u00e9ristiques g\u00e9n\u00e9rales : Nos process sont con\u00e7us pour d\u00e9piler les : Structure inox sur roulettes.&nbsp; Course \u00e9volutive (nous consulter). Capacit\u00e9s et dimensions sur mesures selon vos besoins. Nos d\u00e9pileurs &hellip; <\/p>\n","protected":false},"author":1,"featured_media":0,"parent":22,"menu_order":2,"comment_status":"closed","ping_status":"closed","template":"","meta":{"footnotes":""},"class_list":["post-154","page","type-page","status-publish","hentry"],"_links":{"self":[{"href":"http:\/\/www.comeapro.fr\/index.php\/wp-json\/wp\/v2\/pages\/154","targetHints":{"allow":["GET"]}}],"collection":[{"href":"http:\/\/www.comeapro.fr\/index.php\/wp-json\/wp\/v2\/pages"}],"about":[{"href":"http:\/\/www.comeapro.fr\/index.php\/wp-json\/wp\/v2\/types\/page"}],"author":[{"embeddable":true,"href":"http:\/\/www.comeapro.fr\/index.php\/wp-json\/wp\/v2\/users\/1"}],"replies":[{"embeddable":true,"href":"http:\/\/www.comeapro.fr\/index.php\/wp-json\/wp\/v2\/comments?post=154"}],"version-history":[{"count":4,"href":"http:\/\/www.comeapro.fr\/index.php\/wp-json\/wp\/v2\/pages\/154\/revisions"}],"predecessor-version":[{"id":327,"href":"http:\/\/www.comeapro.fr\/index.php\/wp-json\/wp\/v2\/pages\/154\/revisions\/327"}],"up":[{"embeddable":true,"href":"http:\/\/www.comeapro.fr\/index.php\/wp-json\/wp\/v2\/pages\/22"}],"wp:attachment":[{"href":"http:\/\/www.comeapro.fr\/index.php\/wp-json\/wp\/v2\/media?parent=154"}],"curies":[{"name":"wp","href":"https:\/\/api.w.org\/{rel}","templated":true}]}}