{"id":14,"date":"2022-07-25T17:27:30","date_gmt":"2022-07-25T15:27:30","guid":{"rendered":"http:\/\/version2.comeapro.fr\/?page_id=14"},"modified":"2026-01-08T17:57:16","modified_gmt":"2026-01-08T16:57:16","slug":"notre-histoire","status":"publish","type":"page","link":"https:\/\/www.comeapro.fr\/index.php\/notre-histoire\/","title":{"rendered":"Notre histoire"},"content":{"rendered":"\n<p><\/p>\n\n\n\n<div class=\"wp-block-columns is-layout-flex wp-container-core-columns-is-layout-9d6595d7 wp-block-columns-is-layout-flex\">\n<div class=\"wp-block-column is-layout-flow wp-block-column-is-layout-flow\" style=\"flex-basis:33.33%\">\n<figure class=\"wp-block-image size-large\"><img loading=\"lazy\" decoding=\"async\" width=\"410\" height=\"1024\" src=\"https:\/\/www.comeapro.fr\/wp-content\/uploads\/2024\/04\/Image-page-Notre-histoire-2-410x1024.png\" alt=\"\" class=\"wp-image-474\" srcset=\"https:\/\/www.comeapro.fr\/wp-content\/uploads\/2024\/04\/Image-page-Notre-histoire-2-410x1024.png 410w, https:\/\/www.comeapro.fr\/wp-content\/uploads\/2024\/04\/Image-page-Notre-histoire-2-120x300.png 120w, https:\/\/www.comeapro.fr\/wp-content\/uploads\/2024\/04\/Image-page-Notre-histoire-2-768x1920.png 768w, https:\/\/www.comeapro.fr\/wp-content\/uploads\/2024\/04\/Image-page-Notre-histoire-2-24x60.png 24w, https:\/\/www.comeapro.fr\/wp-content\/uploads\/2024\/04\/Image-page-Notre-histoire-2.png 800w\" sizes=\"auto, (max-width: 410px) 100vw, 410px\" \/><\/figure>\n<\/div>\n\n\n\n<div class=\"wp-block-column is-layout-flow wp-block-column-is-layout-flow\" style=\"flex-basis:66.66%\">\n<p>Cr\u00e9\u00e9e en 1987, sous le nom d\u2019 \u00ab ERPA \u00bb, l\u2019entreprise est sp\u00e9cialis\u00e9e dans le convoyeur, la manutention automatis\u00e9e et le process agro-alimentaire. Elle est dirig\u00e9e par Mr Franck BASSET depuis 2002. En 2014, suite \u00e0 la cession des parts des anciens associ\u00e9s, M. BASSET et M. POTTIER dirigent la soci\u00e9t\u00e9. Pour symboliser ce changement, ERPA devient COMEA Process.<\/p>\n\n\n\n<ul class=\"wp-block-list\">\n<li><strong>CO<\/strong>-mea, comme&nbsp;<strong>conception<\/strong>, axe important et pilier de notre savoir-faire de plus de 37 ans ;<\/li>\n\n\n\n<li>Co-<strong>ME<\/strong>-a, comme&nbsp;<strong>m\u00e9canique<\/strong>, fabrication et assemblage de nos r\u00e9alisations, r\u00e9activit\u00e9 de fabrication ;<\/li>\n\n\n\n<li>Come-<strong>A<\/strong>, comme&nbsp;<strong>automatisme<\/strong>&nbsp;int\u00e9grant c\u00e2blage et gestion de nos m\u00e9canismes, qui sera accompagn\u00e9 dans l\u2019avenir d\u2019un d\u00e9partement Robotique.<\/li>\n<\/ul>\n\n\n\n<div class=\"wp-block-group is-nowrap is-layout-flex wp-container-core-group-is-layout-ad2f72ca wp-block-group-is-layout-flex\">\n<p>Aujourd\u2019hui,\u00a0<strong>COMEA Process<\/strong>, bas\u00e9e en Bretagne, travaille avec les plus grands noms de l\u2019industrie agro-alimentaire en France et \u00e0 l\u2019\u00e9tranger. Depuis janvier 2026, nous nous sommes rapproch\u00e9s du <a href=\"http:\/\/www.velecgroup.com\">groupe Velec<\/a>. <strong>Ce rapprochement strat\u00e9gique offre \u00e0 nos clients des expertises techniques ultra compl\u00e9mentaires et une palette \u00e9largie de produits sp\u00e9cialis\u00e9s dans le secteur de la prot\u00e9ine et des plats pr\u00e9par\u00e9s.<\/strong> <\/p>\n<\/div>\n\n\n\n<h2 class=\"wp-block-heading\">Objectif :<\/h2>\n\n\n\n<p>Notre objectif est d\u2019am\u00e9liorer la productivit\u00e9 et les conditions de travail en usine agro-alimentaire.<\/p>\n<\/div>\n<\/div>\n","protected":false},"excerpt":{"rendered":"<p>Cr\u00e9\u00e9e en 1987, sous le nom d\u2019 \u00ab ERPA \u00bb, l\u2019entreprise est sp\u00e9cialis\u00e9e dans le convoyeur, la manutention automatis\u00e9e et le process agro-alimentaire. Elle est dirig\u00e9e par Mr Franck BASSET &hellip; <\/p>\n","protected":false},"author":1,"featured_media":0,"parent":0,"menu_order":0,"comment_status":"closed","ping_status":"closed","template":"","meta":{"footnotes":""},"class_list":["post-14","page","type-page","status-publish","hentry"],"_links":{"self":[{"href":"https:\/\/www.comeapro.fr\/index.php\/wp-json\/wp\/v2\/pages\/14","targetHints":{"allow":["GET"]}}],"collection":[{"href":"https:\/\/www.comeapro.fr\/index.php\/wp-json\/wp\/v2\/pages"}],"about":[{"href":"https:\/\/www.comeapro.fr\/index.php\/wp-json\/wp\/v2\/types\/page"}],"author":[{"embeddable":true,"href":"https:\/\/www.comeapro.fr\/index.php\/wp-json\/wp\/v2\/users\/1"}],"replies":[{"embeddable":true,"href":"https:\/\/www.comeapro.fr\/index.php\/wp-json\/wp\/v2\/comments?post=14"}],"version-history":[{"count":9,"href":"https:\/\/www.comeapro.fr\/index.php\/wp-json\/wp\/v2\/pages\/14\/revisions"}],"predecessor-version":[{"id":543,"href":"https:\/\/www.comeapro.fr\/index.php\/wp-json\/wp\/v2\/pages\/14\/revisions\/543"}],"wp:attachment":[{"href":"https:\/\/www.comeapro.fr\/index.php\/wp-json\/wp\/v2\/media?parent=14"}],"curies":[{"name":"wp","href":"https:\/\/api.w.org\/{rel}","templated":true}]}}