{"id":149,"date":"2022-07-29T11:28:37","date_gmt":"2022-07-29T09:28:37","guid":{"rendered":"http:\/\/version2.comeapro.fr\/?page_id=149"},"modified":"2023-04-20T17:41:39","modified_gmt":"2023-04-20T15:41:39","slug":"convoyeur","status":"publish","type":"page","link":"https:\/\/www.comeapro.fr\/index.php\/nos-process\/convoyeur\/","title":{"rendered":"Convoyeur"},"content":{"rendered":"\n<h2 class=\"wp-block-heading\">Des convoyeurs sur mesure<\/h2>\n\n\n\n<ul class=\"wp-block-list\">\n<li>Convoyeur maille modulaire<\/li>\n\n\n\n<li>Convoyeur bande<\/li>\n\n\n\n<li>Convoyeur maille inox<\/li>\n\n\n\n<li>Convoyeur cha\u00eene<\/li>\n\n\n\n<li>Convoyeur en auge<\/li>\n\n\n\n<li>Convoyeur rouleau libre et motoris\u00e9<\/li>\n<\/ul>\n\n\n\n<figure class=\"wp-block-image size-large\"><img loading=\"lazy\" decoding=\"async\" width=\"574\" height=\"1024\" src=\"http:\/\/version2.comeapro.fr\/wp-content\/uploads\/2023\/04\/Convoyeur-elevateur-bande-PU-574x1024.jpg\" alt=\"Convoyeur \u00e9l\u00e9vateur bande PU\" class=\"wp-image-234\" srcset=\"https:\/\/www.comeapro.fr\/wp-content\/uploads\/2023\/04\/Convoyeur-elevateur-bande-PU-574x1024.jpg 574w, https:\/\/www.comeapro.fr\/wp-content\/uploads\/2023\/04\/Convoyeur-elevateur-bande-PU-168x300.jpg 168w, https:\/\/www.comeapro.fr\/wp-content\/uploads\/2023\/04\/Convoyeur-elevateur-bande-PU-768x1371.jpg 768w, https:\/\/www.comeapro.fr\/wp-content\/uploads\/2023\/04\/Convoyeur-elevateur-bande-PU-860x1536.jpg 860w, https:\/\/www.comeapro.fr\/wp-content\/uploads\/2023\/04\/Convoyeur-elevateur-bande-PU-34x60.jpg 34w, https:\/\/www.comeapro.fr\/wp-content\/uploads\/2023\/04\/Convoyeur-elevateur-bande-PU.jpg 1030w\" sizes=\"auto, (max-width: 574px) 100vw, 574px\" \/><figcaption class=\"wp-element-caption\">Convoyeur \u00e9l\u00e9vateur bande PU<\/figcaption><\/figure>\n\n\n\n<figure class=\"wp-block-image size-large\"><img loading=\"lazy\" decoding=\"async\" width=\"1024\" height=\"768\" src=\"http:\/\/version2.comeapro.fr\/wp-content\/uploads\/2023\/04\/IMG_0789-1024x768.jpg\" alt=\"Emotteur bouch\u00e9e sortie four\" class=\"wp-image-228\" srcset=\"https:\/\/www.comeapro.fr\/wp-content\/uploads\/2023\/04\/IMG_0789-1024x768.jpg 1024w, https:\/\/www.comeapro.fr\/wp-content\/uploads\/2023\/04\/IMG_0789-300x225.jpg 300w, https:\/\/www.comeapro.fr\/wp-content\/uploads\/2023\/04\/IMG_0789-768x576.jpg 768w, https:\/\/www.comeapro.fr\/wp-content\/uploads\/2023\/04\/IMG_0789-1536x1152.jpg 1536w, https:\/\/www.comeapro.fr\/wp-content\/uploads\/2023\/04\/IMG_0789-2048x1536.jpg 2048w, https:\/\/www.comeapro.fr\/wp-content\/uploads\/2023\/04\/IMG_0789-80x60.jpg 80w, https:\/\/www.comeapro.fr\/wp-content\/uploads\/2023\/04\/IMG_0789-640x480.jpg 640w, https:\/\/www.comeapro.fr\/wp-content\/uploads\/2023\/04\/IMG_0789-110x83.jpg 110w\" sizes=\"auto, (max-width: 1024px) 100vw, 1024px\" \/><figcaption class=\"wp-element-caption\">Emotteur bouch\u00e9e sortie four<\/figcaption><\/figure>\n\n\n\n<figure class=\"wp-block-image size-large\"><img loading=\"lazy\" decoding=\"async\" width=\"1024\" height=\"768\" src=\"http:\/\/version2.comeapro.fr\/wp-content\/uploads\/2023\/04\/IMG_0975-1024x768.jpg\" alt=\"Convoyeur courbe S\" class=\"wp-image-227\" srcset=\"https:\/\/www.comeapro.fr\/wp-content\/uploads\/2023\/04\/IMG_0975-1024x768.jpg 1024w, https:\/\/www.comeapro.fr\/wp-content\/uploads\/2023\/04\/IMG_0975-300x225.jpg 300w, https:\/\/www.comeapro.fr\/wp-content\/uploads\/2023\/04\/IMG_0975-768x576.jpg 768w, https:\/\/www.comeapro.fr\/wp-content\/uploads\/2023\/04\/IMG_0975-1536x1152.jpg 1536w, https:\/\/www.comeapro.fr\/wp-content\/uploads\/2023\/04\/IMG_0975-2048x1536.jpg 2048w, https:\/\/www.comeapro.fr\/wp-content\/uploads\/2023\/04\/IMG_0975-80x60.jpg 80w, https:\/\/www.comeapro.fr\/wp-content\/uploads\/2023\/04\/IMG_0975-640x480.jpg 640w, https:\/\/www.comeapro.fr\/wp-content\/uploads\/2023\/04\/IMG_0975-110x83.jpg 110w\" sizes=\"auto, (max-width: 1024px) 100vw, 1024px\" \/><figcaption class=\"wp-element-caption\">Convoyeur courbe S<\/figcaption><\/figure>\n\n\n\n<figure class=\"wp-block-image size-large\"><img loading=\"lazy\" decoding=\"async\" width=\"1024\" height=\"768\" src=\"http:\/\/version2.comeapro.fr\/wp-content\/uploads\/2023\/04\/DSC00061-1024x768.jpg\" alt=\"Convoyeur courbe maille inox\" class=\"wp-image-225\" srcset=\"https:\/\/www.comeapro.fr\/wp-content\/uploads\/2023\/04\/DSC00061-1024x768.jpg 1024w, https:\/\/www.comeapro.fr\/wp-content\/uploads\/2023\/04\/DSC00061-300x225.jpg 300w, https:\/\/www.comeapro.fr\/wp-content\/uploads\/2023\/04\/DSC00061-768x576.jpg 768w, https:\/\/www.comeapro.fr\/wp-content\/uploads\/2023\/04\/DSC00061-1536x1152.jpg 1536w, https:\/\/www.comeapro.fr\/wp-content\/uploads\/2023\/04\/DSC00061-2048x1536.jpg 2048w, https:\/\/www.comeapro.fr\/wp-content\/uploads\/2023\/04\/DSC00061-80x60.jpg 80w, https:\/\/www.comeapro.fr\/wp-content\/uploads\/2023\/04\/DSC00061-640x480.jpg 640w, https:\/\/www.comeapro.fr\/wp-content\/uploads\/2023\/04\/DSC00061-110x83.jpg 110w\" sizes=\"auto, (max-width: 1024px) 100vw, 1024px\" \/><figcaption class=\"wp-element-caption\">Convoyeur courbe maille inox<\/figcaption><\/figure>\n\n\n\n<figure class=\"wp-block-image size-large\"><img loading=\"lazy\" decoding=\"async\" width=\"1024\" height=\"768\" src=\"http:\/\/version2.comeapro.fr\/wp-content\/uploads\/2023\/04\/IMG_6419-1024x768.jpg\" alt=\"Convoyeur Auge\" class=\"wp-image-222\" srcset=\"https:\/\/www.comeapro.fr\/wp-content\/uploads\/2023\/04\/IMG_6419-1024x768.jpg 1024w, https:\/\/www.comeapro.fr\/wp-content\/uploads\/2023\/04\/IMG_6419-300x225.jpg 300w, https:\/\/www.comeapro.fr\/wp-content\/uploads\/2023\/04\/IMG_6419-768x576.jpg 768w, https:\/\/www.comeapro.fr\/wp-content\/uploads\/2023\/04\/IMG_6419-1536x1152.jpg 1536w, https:\/\/www.comeapro.fr\/wp-content\/uploads\/2023\/04\/IMG_6419-2048x1536.jpg 2048w, https:\/\/www.comeapro.fr\/wp-content\/uploads\/2023\/04\/IMG_6419-80x60.jpg 80w, https:\/\/www.comeapro.fr\/wp-content\/uploads\/2023\/04\/IMG_6419-640x480.jpg 640w, https:\/\/www.comeapro.fr\/wp-content\/uploads\/2023\/04\/IMG_6419-110x83.jpg 110w\" sizes=\"auto, (max-width: 1024px) 100vw, 1024px\" \/><figcaption class=\"wp-element-caption\">Convoyeur Auge<\/figcaption><\/figure>\n\n\n\n<h2 class=\"wp-block-heading\">Les sp\u00e9cificit\u00e9s<\/h2>\n\n\n\n<ul class=\"wp-block-list\">\n<li>Importante capacit\u00e9 de charge<\/li>\n\n\n\n<li>Grande possibilit\u00e9 d\u2019entraxes et de largeurs<\/li>\n\n\n\n<li>Robustesse et long\u00e9vit\u00e9 (mat\u00e9riaux imputrescibles)<\/li>\n\n\n\n<li>Excellente r\u00e9sistance aux produits corrosifs et chimiques<\/li>\n\n\n\n<li>Conception en inox 304L ou 316L<\/li>\n\n\n\n<li>Utilisable \u00e0 des temp\u00e9ratures extr\u00eames<\/li>\n\n\n\n<li>Respect de l\u2019hygi\u00e8ne (tapis ajour\u00e9s et inalt\u00e9rables)<\/li>\n\n\n\n<li>Structure ouverte pour une hygi\u00e8ne optimale<\/li>\n\n\n\n<li>Adaptable aux ergonomies souhait\u00e9es (possibilit\u00e9 de cumuler \u00e9l\u00e9vation, courbe et partie droite)<\/li>\n\n\n\n<li>Tasseaux et bords de contenance adaptables<\/li>\n\n\n\n<li>Vari\u00e9t\u00e9 importante de types de mailles, de pas et de mati\u00e8res<\/li>\n\n\n\n<li>Faible enroulement, passage sur sabre<\/li>\n\n\n\n<li>Fourniture standard ou installation compl\u00e8te, clef en main<\/li>\n\n\n\n<li>Conception totalement sur-mesure<\/li>\n<\/ul>\n\n\n\n<h2 class=\"wp-block-heading\">Secteurs<\/h2>\n\n\n\n<p>IAA (Industrie AgroAlimentaire) \u2022 Viande (bovins et volailles) \u2022 Produits de la mer \u2022 Boulangerie \u2022 Viennoiserie \u2013 Biscuiterie \u2022 Produits \u00e9labor\u00e9s<\/p>\n","protected":false},"excerpt":{"rendered":"<p>Des convoyeurs sur mesure Les sp\u00e9cificit\u00e9s Secteurs IAA (Industrie AgroAlimentaire) \u2022 Viande (bovins et volailles) \u2022 Produits de la mer \u2022 Boulangerie \u2022 Viennoiserie \u2013 Biscuiterie \u2022 Produits \u00e9labor\u00e9s<\/p>\n","protected":false},"author":1,"featured_media":0,"parent":22,"menu_order":1,"comment_status":"closed","ping_status":"closed","template":"","meta":{"footnotes":""},"class_list":["post-149","page","type-page","status-publish","hentry"],"_links":{"self":[{"href":"https:\/\/www.comeapro.fr\/index.php\/wp-json\/wp\/v2\/pages\/149","targetHints":{"allow":["GET"]}}],"collection":[{"href":"https:\/\/www.comeapro.fr\/index.php\/wp-json\/wp\/v2\/pages"}],"about":[{"href":"https:\/\/www.comeapro.fr\/index.php\/wp-json\/wp\/v2\/types\/page"}],"author":[{"embeddable":true,"href":"https:\/\/www.comeapro.fr\/index.php\/wp-json\/wp\/v2\/users\/1"}],"replies":[{"embeddable":true,"href":"https:\/\/www.comeapro.fr\/index.php\/wp-json\/wp\/v2\/comments?post=149"}],"version-history":[{"count":9,"href":"https:\/\/www.comeapro.fr\/index.php\/wp-json\/wp\/v2\/pages\/149\/revisions"}],"predecessor-version":[{"id":261,"href":"https:\/\/www.comeapro.fr\/index.php\/wp-json\/wp\/v2\/pages\/149\/revisions\/261"}],"up":[{"embeddable":true,"href":"https:\/\/www.comeapro.fr\/index.php\/wp-json\/wp\/v2\/pages\/22"}],"wp:attachment":[{"href":"https:\/\/www.comeapro.fr\/index.php\/wp-json\/wp\/v2\/media?parent=149"}],"curies":[{"name":"wp","href":"https:\/\/api.w.org\/{rel}","templated":true}]}}