{"id":156,"date":"2022-07-29T11:32:13","date_gmt":"2022-07-29T09:32:13","guid":{"rendered":"http:\/\/version2.comeapro.fr\/?page_id=156"},"modified":"2023-04-20T17:40:24","modified_gmt":"2023-04-20T15:40:24","slug":"dosage-saupoudrage-comptage","status":"publish","type":"page","link":"https:\/\/www.comeapro.fr\/index.php\/nos-process\/dosage-saupoudrage-comptage\/","title":{"rendered":"Dosage, saupoudrage &#038; comptage"},"content":{"rendered":"\n<h2 class=\"wp-block-heading\">Saupoudreur<\/h2>\n\n\n\n<p>Saupoudrage de tout type d\u2019ingr\u00e9dient solide (fromage, salade, \u00e9pices, lardon\u2026) permettant de garnir des pizzas, sandwichs, plats pr\u00e9par\u00e9s, etc\u20260<\/p>\n\n\n\n<p>Int\u00e9gration avec syst\u00e8me de recyclage de produits. \u2013 Structure inox sur roulettes \u2013 Coffret \u00e9lectrique inox<\/p>\n\n\n\n<figure class=\"wp-block-image size-large is-resized\"><img loading=\"lazy\" decoding=\"async\" src=\"https:\/\/version2.comeapro.fr\/wp-content\/uploads\/2023\/04\/Saupoudreur-1024x768.jpg\" alt=\"\" class=\"wp-image-283\" width=\"503\" height=\"377\" srcset=\"https:\/\/www.comeapro.fr\/wp-content\/uploads\/2023\/04\/Saupoudreur-1024x768.jpg 1024w, https:\/\/www.comeapro.fr\/wp-content\/uploads\/2023\/04\/Saupoudreur-300x225.jpg 300w, https:\/\/www.comeapro.fr\/wp-content\/uploads\/2023\/04\/Saupoudreur-768x576.jpg 768w, https:\/\/www.comeapro.fr\/wp-content\/uploads\/2023\/04\/Saupoudreur-80x60.jpg 80w, https:\/\/www.comeapro.fr\/wp-content\/uploads\/2023\/04\/Saupoudreur-640x480.jpg 640w, https:\/\/www.comeapro.fr\/wp-content\/uploads\/2023\/04\/Saupoudreur-110x83.jpg 110w, https:\/\/www.comeapro.fr\/wp-content\/uploads\/2023\/04\/Saupoudreur.jpg 1502w\" sizes=\"auto, (max-width: 503px) 100vw, 503px\" \/><\/figure>\n\n\n\n<h2 class=\"wp-block-heading\">Doseuse \/ compteuse<\/h2>\n\n\n\n<p>Int\u00e9gration de lignes compl\u00e8tes ou sur vos lignes existantes, nous r\u00e9pondons \u00e0 vos besoins sp\u00e9cifiques.<\/p>\n\n\n\n<p>Choix de plusieurs recettes de dosage possible sur afficheur tactile pour une plus grande flexibilit\u00e9 de vos lignes de production.<\/p>\n\n\n\n<figure class=\"wp-block-image size-large\"><img loading=\"lazy\" decoding=\"async\" width=\"1024\" height=\"576\" src=\"http:\/\/version2.comeapro.fr\/wp-content\/uploads\/2023\/04\/Comptage-tomate-2-1024x576.jpg\" alt=\"Comptage\" class=\"wp-image-232\" srcset=\"https:\/\/www.comeapro.fr\/wp-content\/uploads\/2023\/04\/Comptage-tomate-2-1024x576.jpg 1024w, https:\/\/www.comeapro.fr\/wp-content\/uploads\/2023\/04\/Comptage-tomate-2-300x169.jpg 300w, https:\/\/www.comeapro.fr\/wp-content\/uploads\/2023\/04\/Comptage-tomate-2-768x432.jpg 768w, https:\/\/www.comeapro.fr\/wp-content\/uploads\/2023\/04\/Comptage-tomate-2-1536x864.jpg 1536w, https:\/\/www.comeapro.fr\/wp-content\/uploads\/2023\/04\/Comptage-tomate-2-2048x1153.jpg 2048w, https:\/\/www.comeapro.fr\/wp-content\/uploads\/2023\/04\/Comptage-tomate-2-107x60.jpg 107w\" sizes=\"auto, (max-width: 1024px) 100vw, 1024px\" \/><figcaption class=\"wp-element-caption\">Comptage <\/figcaption><\/figure>\n\n\n\n<h2 class=\"wp-block-heading\">Secteurs<\/h2>\n\n\n\n<p>IAA (Industrie AgroAlimentaire) \u2022 Viande (bovins et volailles) \u2022 Produits de la mer \u2022 Boulangerie \u2022 Viennoiserie \u2013 Biscuiterie \u2022 Produits \u00e9labor\u00e9s<\/p>\n","protected":false},"excerpt":{"rendered":"<p>Saupoudreur Saupoudrage de tout type d\u2019ingr\u00e9dient solide (fromage, salade, \u00e9pices, lardon\u2026) permettant de garnir des pizzas, sandwichs, plats pr\u00e9par\u00e9s, etc\u20260 Int\u00e9gration avec syst\u00e8me de recyclage de produits. \u2013 Structure inox &hellip; <\/p>\n","protected":false},"author":1,"featured_media":0,"parent":22,"menu_order":3,"comment_status":"closed","ping_status":"closed","template":"","meta":{"footnotes":""},"class_list":["post-156","page","type-page","status-publish","hentry"],"_links":{"self":[{"href":"https:\/\/www.comeapro.fr\/index.php\/wp-json\/wp\/v2\/pages\/156","targetHints":{"allow":["GET"]}}],"collection":[{"href":"https:\/\/www.comeapro.fr\/index.php\/wp-json\/wp\/v2\/pages"}],"about":[{"href":"https:\/\/www.comeapro.fr\/index.php\/wp-json\/wp\/v2\/types\/page"}],"author":[{"embeddable":true,"href":"https:\/\/www.comeapro.fr\/index.php\/wp-json\/wp\/v2\/users\/1"}],"replies":[{"embeddable":true,"href":"https:\/\/www.comeapro.fr\/index.php\/wp-json\/wp\/v2\/comments?post=156"}],"version-history":[{"count":3,"href":"https:\/\/www.comeapro.fr\/index.php\/wp-json\/wp\/v2\/pages\/156\/revisions"}],"predecessor-version":[{"id":284,"href":"https:\/\/www.comeapro.fr\/index.php\/wp-json\/wp\/v2\/pages\/156\/revisions\/284"}],"up":[{"embeddable":true,"href":"https:\/\/www.comeapro.fr\/index.php\/wp-json\/wp\/v2\/pages\/22"}],"wp:attachment":[{"href":"https:\/\/www.comeapro.fr\/index.php\/wp-json\/wp\/v2\/media?parent=156"}],"curies":[{"name":"wp","href":"https:\/\/api.w.org\/{rel}","templated":true}]}}