{"id":160,"date":"2022-07-29T11:34:43","date_gmt":"2022-07-29T09:34:43","guid":{"rendered":"http:\/\/version2.comeapro.fr\/?page_id=160"},"modified":"2023-05-31T11:27:12","modified_gmt":"2023-05-31T09:27:12","slug":"distribution","status":"publish","type":"page","link":"https:\/\/www.comeapro.fr\/index.php\/nos-process\/distribution\/","title":{"rendered":"Distribution"},"content":{"rendered":"\n<p>Alimentation des postes fin de ligne en cartons, barquettes, etc\u2026 Distribution des contenants \u00e0 la demande des op\u00e9rateurs ou de fa\u00e7on automatique sur les postes de compostage ou de pes\u00e9e.Stockage FIFO \/ LIFO<\/p>\n\n\n\n<p>First In \u2013 First Out Le premier produit entr\u00e9 est le premier sorti. Id\u00e9al en amont du conditionnement, le syst\u00e8me FIFO vous permet de cr\u00e9er une zone tampon de stockage dynamique. Votre flux en sortie de ligne est ainsi fluidifi\u00e9 sans perturber la production.<\/p>\n\n\n\n<h2 class=\"wp-block-heading\">Aiguillage \/ tri<\/h2>\n\n\n\n<p>Nous concevons des solutions de convoyage avec int\u00e9gration de lecteur code \u00e0 barre, lecteur RFID, cam\u00e9ra de vision, boucle de d\u00e9tecteur de m\u00e9taux, balance afin de trier, d\u2019aiguiller vos produits selon vos exigences.<\/p>\n\n\n\n<h3 class=\"wp-block-heading\">Secteurs<\/h3>\n\n\n\n<p>IAA (Industrie AgroAlimentaire) \u2022 Viande (bovins et volailles) \u2022 Produits de la mer \u2022 Boulangerie \u2022 Viennoiserie \u2013 Biscuiterie \u2022 Produits \u00e9labor\u00e9s<\/p>\n","protected":false},"excerpt":{"rendered":"<p>Alimentation des postes fin de ligne en cartons, barquettes, etc\u2026 Distribution des contenants \u00e0 la demande des op\u00e9rateurs ou de fa\u00e7on automatique sur les postes de compostage ou de pes\u00e9e.Stockage &hellip; <\/p>\n","protected":false},"author":1,"featured_media":0,"parent":22,"menu_order":5,"comment_status":"closed","ping_status":"closed","template":"","meta":{"footnotes":""},"class_list":["post-160","page","type-page","status-publish","hentry"],"_links":{"self":[{"href":"https:\/\/www.comeapro.fr\/index.php\/wp-json\/wp\/v2\/pages\/160","targetHints":{"allow":["GET"]}}],"collection":[{"href":"https:\/\/www.comeapro.fr\/index.php\/wp-json\/wp\/v2\/pages"}],"about":[{"href":"https:\/\/www.comeapro.fr\/index.php\/wp-json\/wp\/v2\/types\/page"}],"author":[{"embeddable":true,"href":"https:\/\/www.comeapro.fr\/index.php\/wp-json\/wp\/v2\/users\/1"}],"replies":[{"embeddable":true,"href":"https:\/\/www.comeapro.fr\/index.php\/wp-json\/wp\/v2\/comments?post=160"}],"version-history":[{"count":3,"href":"https:\/\/www.comeapro.fr\/index.php\/wp-json\/wp\/v2\/pages\/160\/revisions"}],"predecessor-version":[{"id":328,"href":"https:\/\/www.comeapro.fr\/index.php\/wp-json\/wp\/v2\/pages\/160\/revisions\/328"}],"up":[{"embeddable":true,"href":"https:\/\/www.comeapro.fr\/index.php\/wp-json\/wp\/v2\/pages\/22"}],"wp:attachment":[{"href":"https:\/\/www.comeapro.fr\/index.php\/wp-json\/wp\/v2\/media?parent=160"}],"curies":[{"name":"wp","href":"https:\/\/api.w.org\/{rel}","templated":true}]}}