{"id":164,"date":"2022-07-29T11:36:19","date_gmt":"2022-07-29T09:36:19","guid":{"rendered":"http:\/\/version2.comeapro.fr\/?page_id=164"},"modified":"2023-04-20T18:42:38","modified_gmt":"2023-04-20T16:42:38","slug":"ergonomie-poste-de-travail","status":"publish","type":"page","link":"https:\/\/www.comeapro.fr\/index.php\/nos-process\/ergonomie-poste-de-travail\/","title":{"rendered":"Ergonomie &#038; poste de travail"},"content":{"rendered":"\n<h2 class=\"wp-block-heading\">Caract\u00e9ristiques techniques<\/h2>\n\n\n\n<ul class=\"wp-block-list\">\n<li>Suivant cahier des charges client<\/li>\n\n\n\n<li>Int\u00e9gration de convoyeurs<\/li>\n\n\n\n<li>Int\u00e9gration de tables \u00e0 billes pour manipuler des charges importantes<\/li>\n<\/ul>\n\n\n\n<h2 class=\"wp-block-heading\">Applications<\/h2>\n\n\n\n<ul class=\"wp-block-list\">\n<li>Am\u00e9lioration des conditions de travail<\/li>\n\n\n\n<li>Pr\u00e9vention et r\u00e9duction de la p\u00e9nibilit\u00e9 au poste de travail<\/li>\n\n\n\n<li>Optimisation des postes de travail<\/li>\n\n\n\n<li>Gains de productivit\u00e9<\/li>\n<\/ul>\n\n\n\n<figure class=\"wp-block-image size-large is-resized\"><img loading=\"lazy\" decoding=\"async\" src=\"http:\/\/version2.comeapro.fr\/wp-content\/uploads\/2023\/04\/table-2-mirage-02-02-2018-1024x768.jpg\" alt=\"\" class=\"wp-image-292\" width=\"448\" height=\"336\" srcset=\"https:\/\/www.comeapro.fr\/wp-content\/uploads\/2023\/04\/table-2-mirage-02-02-2018-1024x768.jpg 1024w, https:\/\/www.comeapro.fr\/wp-content\/uploads\/2023\/04\/table-2-mirage-02-02-2018-300x225.jpg 300w, https:\/\/www.comeapro.fr\/wp-content\/uploads\/2023\/04\/table-2-mirage-02-02-2018-768x576.jpg 768w, https:\/\/www.comeapro.fr\/wp-content\/uploads\/2023\/04\/table-2-mirage-02-02-2018-1536x1152.jpg 1536w, https:\/\/www.comeapro.fr\/wp-content\/uploads\/2023\/04\/table-2-mirage-02-02-2018-2048x1536.jpg 2048w, https:\/\/www.comeapro.fr\/wp-content\/uploads\/2023\/04\/table-2-mirage-02-02-2018-80x60.jpg 80w, https:\/\/www.comeapro.fr\/wp-content\/uploads\/2023\/04\/table-2-mirage-02-02-2018-640x480.jpg 640w, https:\/\/www.comeapro.fr\/wp-content\/uploads\/2023\/04\/table-2-mirage-02-02-2018-110x83.jpg 110w\" sizes=\"auto, (max-width: 448px) 100vw, 448px\" \/><\/figure>\n\n\n\n<figure class=\"wp-block-image size-large is-resized\"><img loading=\"lazy\" decoding=\"async\" src=\"http:\/\/version2.comeapro.fr\/wp-content\/uploads\/2023\/04\/Deveinage-920x1024.jpg\" alt=\"\" class=\"wp-image-294\" width=\"403\" height=\"448\" srcset=\"https:\/\/www.comeapro.fr\/wp-content\/uploads\/2023\/04\/Deveinage-920x1024.jpg 920w, https:\/\/www.comeapro.fr\/wp-content\/uploads\/2023\/04\/Deveinage-269x300.jpg 269w, https:\/\/www.comeapro.fr\/wp-content\/uploads\/2023\/04\/Deveinage-768x855.jpg 768w, https:\/\/www.comeapro.fr\/wp-content\/uploads\/2023\/04\/Deveinage-1379x1536.jpg 1379w, https:\/\/www.comeapro.fr\/wp-content\/uploads\/2023\/04\/Deveinage-1839x2048.jpg 1839w, https:\/\/www.comeapro.fr\/wp-content\/uploads\/2023\/04\/Deveinage-54x60.jpg 54w, https:\/\/www.comeapro.fr\/wp-content\/uploads\/2023\/04\/Deveinage-270x300.jpg 270w, https:\/\/www.comeapro.fr\/wp-content\/uploads\/2023\/04\/Deveinage.jpg 2036w\" sizes=\"auto, (max-width: 403px) 100vw, 403px\" \/><\/figure>\n\n\n\n<h2 class=\"wp-block-heading\">Secteurs<\/h2>\n\n\n\n<p>IAA (Industrie AgroAlimentaire) \u2022 Viande (bovins et volailles) \u2022 Produits de la mer \u2022 Boulangerie \u2022 Viennoiserie \u2013 Biscuiterie \u2022 Produits \u00e9labor\u00e9s<\/p>\n","protected":false},"excerpt":{"rendered":"<p>Caract\u00e9ristiques techniques Applications Secteurs IAA (Industrie AgroAlimentaire) \u2022 Viande (bovins et volailles) \u2022 Produits de la mer \u2022 Boulangerie \u2022 Viennoiserie \u2013 Biscuiterie \u2022 Produits \u00e9labor\u00e9s<\/p>\n","protected":false},"author":1,"featured_media":0,"parent":22,"menu_order":7,"comment_status":"closed","ping_status":"closed","template":"","meta":{"footnotes":""},"class_list":["post-164","page","type-page","status-publish","hentry"],"_links":{"self":[{"href":"https:\/\/www.comeapro.fr\/index.php\/wp-json\/wp\/v2\/pages\/164","targetHints":{"allow":["GET"]}}],"collection":[{"href":"https:\/\/www.comeapro.fr\/index.php\/wp-json\/wp\/v2\/pages"}],"about":[{"href":"https:\/\/www.comeapro.fr\/index.php\/wp-json\/wp\/v2\/types\/page"}],"author":[{"embeddable":true,"href":"https:\/\/www.comeapro.fr\/index.php\/wp-json\/wp\/v2\/users\/1"}],"replies":[{"embeddable":true,"href":"https:\/\/www.comeapro.fr\/index.php\/wp-json\/wp\/v2\/comments?post=164"}],"version-history":[{"count":5,"href":"https:\/\/www.comeapro.fr\/index.php\/wp-json\/wp\/v2\/pages\/164\/revisions"}],"predecessor-version":[{"id":298,"href":"https:\/\/www.comeapro.fr\/index.php\/wp-json\/wp\/v2\/pages\/164\/revisions\/298"}],"up":[{"embeddable":true,"href":"https:\/\/www.comeapro.fr\/index.php\/wp-json\/wp\/v2\/pages\/22"}],"wp:attachment":[{"href":"https:\/\/www.comeapro.fr\/index.php\/wp-json\/wp\/v2\/media?parent=164"}],"curies":[{"name":"wp","href":"https:\/\/api.w.org\/{rel}","templated":true}]}}