{"id":26,"date":"2022-07-25T17:38:11","date_gmt":"2022-07-25T15:38:11","guid":{"rendered":"http:\/\/version2.comeapro.fr\/?page_id=26"},"modified":"2024-02-23T16:27:36","modified_gmt":"2024-02-23T15:27:36","slug":"contact-candidature-spontanee","status":"publish","type":"page","link":"https:\/\/www.comeapro.fr\/index.php\/contact-candidature-spontanee\/","title":{"rendered":"Contact &#038; candidature spontan\u00e9e"},"content":{"rendered":"\n<script src=\"https:\/\/static.elfsight.com\/platform\/platform.js\" data-use-service-core defer><\/script>\n<div class=\"elfsight-app-b01aa544-1ba0-45cc-8627-eb715faf365c\" data-elfsight-app-lazy><\/div>\n\n\n\n<p><em>En validant ce formulaire, j\u2019accepte que mes donn\u00e9es personnelles soient utilis\u00e9es pour r\u00e9pondre \u00e0 ma demande<\/em><\/p>\n\n\n\n<iframe src=\"https:\/\/www.google.com\/maps\/embed?pb=!1m14!1m8!1m3!1d15105.601859840212!2d-4.026247486483208!3d47.9882339985111!3m2!1i1024!2i768!4f13.1!3m3!1m2!1s0x0%3A0xeb72bd037ec6332f!2sCOMEA%20SAS%20ERPA!5e0!3m2!1sfr!2sfr!4v1671012861560!5m2!1sfr!2sfr\" width=\"600\" height=\"450\" style=\"border:0;\" allowfullscreen=\"\" loading=\"lazy\" referrerpolicy=\"no-referrer-when-downgrade\"><\/iframe>\n\n\n<div class=\"wp-block-image\">\n<figure class=\"aligncenter size-full is-resized\"><img loading=\"lazy\" decoding=\"async\" width=\"431\" height=\"155\" src=\"https:\/\/www.comeapro.fr\/wp-content\/uploads\/2023\/11\/Haut-de-page-Contact-candidature-spontanee-1.jpg\" alt=\"\" class=\"wp-image-403\" style=\"width:487px;height:auto\" srcset=\"https:\/\/www.comeapro.fr\/wp-content\/uploads\/2023\/11\/Haut-de-page-Contact-candidature-spontanee-1.jpg 431w, https:\/\/www.comeapro.fr\/wp-content\/uploads\/2023\/11\/Haut-de-page-Contact-candidature-spontanee-1-300x108.jpg 300w, https:\/\/www.comeapro.fr\/wp-content\/uploads\/2023\/11\/Haut-de-page-Contact-candidature-spontanee-1-167x60.jpg 167w\" sizes=\"auto, (max-width: 431px) 100vw, 431px\" \/><\/figure>\n<\/div>","protected":false},"excerpt":{"rendered":"<p>En validant ce formulaire, j\u2019accepte que mes donn\u00e9es personnelles soient utilis\u00e9es pour r\u00e9pondre \u00e0 ma demande<\/p>\n","protected":false},"author":1,"featured_media":449,"parent":0,"menu_order":0,"comment_status":"closed","ping_status":"closed","template":"","meta":{"footnotes":""},"class_list":["post-26","page","type-page","status-publish","has-post-thumbnail","hentry"],"_links":{"self":[{"href":"https:\/\/www.comeapro.fr\/index.php\/wp-json\/wp\/v2\/pages\/26","targetHints":{"allow":["GET"]}}],"collection":[{"href":"https:\/\/www.comeapro.fr\/index.php\/wp-json\/wp\/v2\/pages"}],"about":[{"href":"https:\/\/www.comeapro.fr\/index.php\/wp-json\/wp\/v2\/types\/page"}],"author":[{"embeddable":true,"href":"https:\/\/www.comeapro.fr\/index.php\/wp-json\/wp\/v2\/users\/1"}],"replies":[{"embeddable":true,"href":"https:\/\/www.comeapro.fr\/index.php\/wp-json\/wp\/v2\/comments?post=26"}],"version-history":[{"count":13,"href":"https:\/\/www.comeapro.fr\/index.php\/wp-json\/wp\/v2\/pages\/26\/revisions"}],"predecessor-version":[{"id":455,"href":"https:\/\/www.comeapro.fr\/index.php\/wp-json\/wp\/v2\/pages\/26\/revisions\/455"}],"wp:featuredmedia":[{"embeddable":true,"href":"https:\/\/www.comeapro.fr\/index.php\/wp-json\/wp\/v2\/media\/449"}],"wp:attachment":[{"href":"https:\/\/www.comeapro.fr\/index.php\/wp-json\/wp\/v2\/media?parent=26"}],"curies":[{"name":"wp","href":"https:\/\/api.w.org\/{rel}","templated":true}]}}