{"id":28,"date":"2022-07-25T17:38:25","date_gmt":"2022-07-25T15:38:25","guid":{"rendered":"http:\/\/version2.comeapro.fr\/?page_id=28"},"modified":"2024-11-04T13:54:45","modified_gmt":"2024-11-04T12:54:45","slug":"rejoignez-nous","status":"publish","type":"page","link":"https:\/\/www.comeapro.fr\/index.php\/rejoignez-nous\/","title":{"rendered":"Rejoignez-nous !"},"content":{"rendered":"<div class=\"job-listing row clearfix\"><div class=\"column medium-12 col-md-12\"><div class=\"job-preview clearfix\" ><div class=\"job-content\"><h5><a href=\"https:\/\/www.comeapro.fr\/index.php\/httpversion2comeaprofrindexphprejoignez-nous\/dessinateur-dessinatrice-detudes-en-mecanique-experimentee\/\" target=\"_self\"><span>Dessinateur\/Dessinatrice d\u2019\u00e9tudes en m\u00e9canique - Exp\u00e9riment\u00e9(e)<\/span><\/a><\/h5><div class=\"job-additional-information\"><\/div><\/div><div class=\"job-cta\"><a href=\"https:\/\/www.comeapro.fr\/index.php\/httpversion2comeaprofrindexphprejoignez-nous\/dessinateur-dessinatrice-detudes-en-mecanique-experimentee\/\" target=\"_self\" class=\"apply-btn local\">Afficher<\/a><\/div><\/div><div class=\"job-preview clearfix\" ><div class=\"job-content\"><h5><a href=\"https:\/\/www.comeapro.fr\/index.php\/httpversion2comeaprofrindexphprejoignez-nous\/technicien-ne-en-robotique-informatique-industrielle-et-automatisme\/\" target=\"_self\"><span>Automaticien\/Roboticien<\/span><\/a><\/h5><div class=\"job-additional-information\"><span>Quimper<\/span><span class=\"job-preview-details-separator\">, <span><span>Temps plein<\/span><\/div><\/div><div class=\"job-cta\"><a href=\"https:\/\/www.comeapro.fr\/index.php\/httpversion2comeaprofrindexphprejoignez-nous\/technicien-ne-en-robotique-informatique-industrielle-et-automatisme\/\" target=\"_self\" class=\"apply-btn local\">Afficher<\/a><\/div><\/div><\/div><\/div>\n\n\n\n<p>Notre \u00e9quipe est au complet, si vous souhaitez postuler en candidature spontan\u00e9e, vous pouvez vous rendre \u00e0 la rubrique \u00ab\u00a0Contact &amp; candidature spontan\u00e9e\u00a0\u00bb:<\/p>\n\n\n\n<div class=\"wp-block-buttons is-layout-flex wp-block-buttons-is-layout-flex\">\n<div class=\"wp-block-button is-style-outline is-style-outline--1\"><a class=\"wp-block-button__link has-white-color has-cyan-bluish-gray-background-color has-text-color has-background has-link-color wp-element-button\" href=\"https:\/\/www.comeapro.fr\/index.php\/contact-candidature-spontanee\/\">Contact &amp; candidature spontan\u00e9e<\/a><\/div>\n<\/div>\n\n\n\n<p><\/p>\n","protected":false},"excerpt":{"rendered":"<p>Notre \u00e9quipe est au complet, si vous souhaitez postuler en candidature spontan\u00e9e, vous pouvez vous rendre \u00e0 la rubrique \u00ab\u00a0Contact &amp; candidature spontan\u00e9e\u00a0\u00bb:<\/p>\n","protected":false},"author":1,"featured_media":400,"parent":0,"menu_order":0,"comment_status":"closed","ping_status":"closed","template":"","meta":{"footnotes":""},"class_list":["post-28","page","type-page","status-publish","has-post-thumbnail","hentry"],"_links":{"self":[{"href":"https:\/\/www.comeapro.fr\/index.php\/wp-json\/wp\/v2\/pages\/28","targetHints":{"allow":["GET"]}}],"collection":[{"href":"https:\/\/www.comeapro.fr\/index.php\/wp-json\/wp\/v2\/pages"}],"about":[{"href":"https:\/\/www.comeapro.fr\/index.php\/wp-json\/wp\/v2\/types\/page"}],"author":[{"embeddable":true,"href":"https:\/\/www.comeapro.fr\/index.php\/wp-json\/wp\/v2\/users\/1"}],"replies":[{"embeddable":true,"href":"https:\/\/www.comeapro.fr\/index.php\/wp-json\/wp\/v2\/comments?post=28"}],"version-history":[{"count":6,"href":"https:\/\/www.comeapro.fr\/index.php\/wp-json\/wp\/v2\/pages\/28\/revisions"}],"predecessor-version":[{"id":519,"href":"https:\/\/www.comeapro.fr\/index.php\/wp-json\/wp\/v2\/pages\/28\/revisions\/519"}],"wp:featuredmedia":[{"embeddable":true,"href":"https:\/\/www.comeapro.fr\/index.php\/wp-json\/wp\/v2\/media\/400"}],"wp:attachment":[{"href":"https:\/\/www.comeapro.fr\/index.php\/wp-json\/wp\/v2\/media?parent=28"}],"curies":[{"name":"wp","href":"https:\/\/api.w.org\/{rel}","templated":true}]}}